{"id":414,"date":"2022-01-18T19:52:31","date_gmt":"2022-01-18T19:52:31","guid":{"rendered":"https:\/\/supascoota.ca\/garantie\/"},"modified":"2022-07-04T10:43:11","modified_gmt":"2022-07-04T10:43:11","slug":"garantie","status":"publish","type":"page","link":"https:\/\/supascoota.ca\/fr\/garantie\/","title":{"rendered":"Garantie"},"content":{"rendered":"\t\t<div data-elementor-type=\"wp-page\" data-elementor-id=\"414\" class=\"elementor elementor-414 elementor-26\">\n\t\t\t\t\t\t<div class=\"elementor-inner\">\n\t\t\t\t<div class=\"elementor-section-wrap\">\n\t\t\t\t\t\t\t\t\t<section class=\"elementor-section elementor-top-section elementor-element elementor-element-12d81fa1 elementor-section-boxed elementor-section-height-default elementor-section-height-default\" data-id=\"12d81fa1\" data-element_type=\"section\">\n\t\t\t\t\t\t<div class=\"elementor-container elementor-column-gap-default\">\n\t\t\t\t\t\t\t<div class=\"elementor-row\">\n\t\t\t\t\t<div class=\"elementor-column elementor-col-50 elementor-top-column elementor-element elementor-element-5cb8a2a9\" data-id=\"5cb8a2a9\" data-element_type=\"column\">\n\t\t\t<div class=\"elementor-column-wrap elementor-element-populated\">\n\t\t\t\t\t\t\t<div class=\"elementor-widget-wrap\">\n\t\t\t\t\t\t<div class=\"elementor-element elementor-element-987ae51 elementor-widget elementor-widget-heading\" data-id=\"987ae51\" data-element_type=\"widget\" data-widget_type=\"heading.default\">\n\t\t\t\t<div class=\"elementor-widget-container\">\n\t\t\t<h2 class=\"elementor-heading-title elementor-size-default\">Garantie<\/h2>\t\t<\/div>\n\t\t\t\t<\/div>\n\t\t\t\t<div class=\"elementor-element elementor-element-3f5a5477 elementor-widget elementor-widget-text-editor\" data-id=\"3f5a5477\" data-element_type=\"widget\" data-widget_type=\"text-editor.default\">\n\t\t\t\t<div class=\"elementor-widget-container\">\n\t\t\t\t\t\t\t\t<div class=\"elementor-text-editor elementor-clearfix\">\n\t\t\t\tVotre SupaScoota est enti\u00e8rement garanti contre les d\u00e9fauts de fabrication ou de mat\u00e9riaux comme suit :\n<ul>\n \t<li>Ch\u00e2ssis : 2 ans<\/li>\n \t<li>Toutes les autres pi\u00e8ces : 1 an<\/li>\n<\/ul>\nSelon la disponibilit\u00e9 des pi\u00e8ces, ces d\u00e9fauts seront corrig\u00e9s soit par r\u00e9paration\/remplacement de pi\u00e8ces, ou soit par remplacement de l&rsquo;unit\u00e9, a la discr\u00e9tion du distributeur.\n<h4>La garantie exclue<\/h4>\n<ul>\n \t<li>Tout dommage d\u00fb \u00e0 une mauvaise utilisation, ou le remplacement de pi\u00e8ces pour de l&rsquo;usure normale, telles que les pneus, les accoudoirs et le rembourrage\/si\u00e8ge.<\/li>\n \t<li>R\u00e9clamations dues \u00e0 une augmentation normale du niveau sonore du fonctionnement de l&rsquo;unit\u00e9.<\/li>\n \t<li>La garantie ne couvre pas la main-d&rsquo;\u0153uvre ou les appels de service.<\/li>\n<\/ul>\n<h4>Batteries<\/h4>\nLa d\u00e9t\u00e9rioration progressive due au fait d&rsquo;\u00eatre laiss\u00e9e d\u00e9charger ou d&rsquo;\u00eatre laiss\u00e9e dans des conditions froides pendant de longues dur\u00e9es de temps n&rsquo;est pas couverte.\t\t\t\t\t<\/div>\n\t\t\t\t\t\t<\/div>\n\t\t\t\t<\/div>\n\t\t\t\t\t\t<\/div>\n\t\t\t\t\t<\/div>\n\t\t<\/div>\n\t\t\t\t<div class=\"elementor-column elementor-col-50 elementor-top-column elementor-element elementor-element-31e2a0d\" data-id=\"31e2a0d\" data-element_type=\"column\">\n\t\t\t<div class=\"elementor-column-wrap\">\n\t\t\t\t\t\t\t<div class=\"elementor-widget-wrap\">\n\t\t\t\t\t\t\t\t<\/div>\n\t\t\t\t\t<\/div>\n\t\t<\/div>\n\t\t\t\t\t\t\t\t<\/div>\n\t\t\t\t\t<\/div>\n\t\t<\/section>\n\t\t\t\t\t\t\t\t\t<\/div>\n\t\t\t<\/div>\n\t\t\t\t\t<\/div>\n\t\t","protected":false},"excerpt":{"rendered":"<p>Votre SupaScoota est enti\u00e8rement garanti contre les d\u00e9fauts de fabrication ou de mat\u00e9riaux comme suit : Ch\u00e2ssis : 2 ans Toutes les autres pi\u00e8ces : 1 an Selon la disponibilit\u00e9 des pi\u00e8ces, ces d\u00e9fauts seront corrig\u00e9s soit par r\u00e9paration\/remplacement de pi\u00e8ces, ou soit par remplacement de l&rsquo;unit\u00e9, a la discr\u00e9tion du distributeur. La garantie exclue [&hellip;]<\/p>\n","protected":false},"author":1,"featured_media":0,"parent":0,"menu_order":0,"comment_status":"closed","ping_status":"closed","template":"","meta":{"inline_featured_image":false,"footnotes":""},"class_list":["post-414","page","type-page","status-publish","hentry"],"yoast_head":"<!-- This site is optimized with the Yoast SEO plugin v19.10 - https:\/\/yoast.com\/wordpress\/plugins\/seo\/ -->\n<title>Garantie - SupaScoota<\/title>\n<meta name=\"robots\" content=\"index, follow, max-snippet:-1, max-image-preview:large, max-video-preview:-1\" \/>\n<link rel=\"canonical\" href=\"https:\/\/supascoota.ca\/fr\/garantie\/\" \/>\n<meta property=\"og:locale\" content=\"fr_FR\" \/>\n<meta property=\"og:type\" content=\"article\" \/>\n<meta property=\"og:title\" content=\"Garantie - SupaScoota\" \/>\n<meta property=\"og:description\" content=\"Votre SupaScoota est enti\u00e8rement garanti contre les d\u00e9fauts de fabrication ou de mat\u00e9riaux comme suit : Ch\u00e2ssis : 2 ans Toutes les autres pi\u00e8ces : 1 an Selon la disponibilit\u00e9 des pi\u00e8ces, ces d\u00e9fauts seront corrig\u00e9s soit par r\u00e9paration\/remplacement de pi\u00e8ces, ou soit par remplacement de l&rsquo;unit\u00e9, a la discr\u00e9tion du distributeur. La garantie exclue [&hellip;]\" \/>\n<meta property=\"og:url\" content=\"https:\/\/supascoota.ca\/fr\/garantie\/\" \/>\n<meta property=\"og:site_name\" content=\"SupaScoota\" \/>\n<meta property=\"article:modified_time\" content=\"2022-07-04T10:43:11+00:00\" \/>\n<meta name=\"twitter:card\" content=\"summary_large_image\" \/>\n<meta name=\"twitter:label1\" content=\"Dur\u00e9e de lecture estim\u00e9e\" \/>\n\t<meta name=\"twitter:data1\" content=\"1 minute\" \/>\n<script type=\"application\/ld+json\" class=\"yoast-schema-graph\">{\"@context\":\"https:\/\/schema.org\",\"@graph\":[{\"@type\":\"WebPage\",\"@id\":\"https:\/\/supascoota.ca\/fr\/garantie\/\",\"url\":\"https:\/\/supascoota.ca\/fr\/garantie\/\",\"name\":\"Garantie - SupaScoota\",\"isPartOf\":{\"@id\":\"https:\/\/supascoota.ca\/fr\/#website\"},\"datePublished\":\"2022-01-18T19:52:31+00:00\",\"dateModified\":\"2022-07-04T10:43:11+00:00\",\"breadcrumb\":{\"@id\":\"https:\/\/supascoota.ca\/fr\/garantie\/#breadcrumb\"},\"inLanguage\":\"fr-FR\",\"potentialAction\":[{\"@type\":\"ReadAction\",\"target\":[\"https:\/\/supascoota.ca\/fr\/garantie\/\"]}]},{\"@type\":\"BreadcrumbList\",\"@id\":\"https:\/\/supascoota.ca\/fr\/garantie\/#breadcrumb\",\"itemListElement\":[{\"@type\":\"ListItem\",\"position\":1,\"name\":\"Home\",\"item\":\"https:\/\/supascoota.ca\/fr\/\"},{\"@type\":\"ListItem\",\"position\":2,\"name\":\"Garantie\"}]},{\"@type\":\"WebSite\",\"@id\":\"https:\/\/supascoota.ca\/fr\/#website\",\"url\":\"https:\/\/supascoota.ca\/fr\/\",\"name\":\"SupaScoota\",\"description\":\"Distribution of SupaScoota Mobility Scooters in Canada\",\"potentialAction\":[{\"@type\":\"SearchAction\",\"target\":{\"@type\":\"EntryPoint\",\"urlTemplate\":\"https:\/\/supascoota.ca\/fr\/?s={search_term_string}\"},\"query-input\":\"required name=search_term_string\"}],\"inLanguage\":\"fr-FR\"}]}<\/script>\n<!-- \/ Yoast SEO plugin. -->","yoast_head_json":{"title":"Garantie - SupaScoota","robots":{"index":"index","follow":"follow","max-snippet":"max-snippet:-1","max-image-preview":"max-image-preview:large","max-video-preview":"max-video-preview:-1"},"canonical":"https:\/\/supascoota.ca\/fr\/garantie\/","og_locale":"fr_FR","og_type":"article","og_title":"Garantie - SupaScoota","og_description":"Votre SupaScoota est enti\u00e8rement garanti contre les d\u00e9fauts de fabrication ou de mat\u00e9riaux comme suit : Ch\u00e2ssis : 2 ans Toutes les autres pi\u00e8ces : 1 an Selon la disponibilit\u00e9 des pi\u00e8ces, ces d\u00e9fauts seront corrig\u00e9s soit par r\u00e9paration\/remplacement de pi\u00e8ces, ou soit par remplacement de l&rsquo;unit\u00e9, a la discr\u00e9tion du distributeur. La garantie exclue [&hellip;]","og_url":"https:\/\/supascoota.ca\/fr\/garantie\/","og_site_name":"SupaScoota","article_modified_time":"2022-07-04T10:43:11+00:00","twitter_card":"summary_large_image","twitter_misc":{"Dur\u00e9e de lecture estim\u00e9e":"1 minute"},"schema":{"@context":"https:\/\/schema.org","@graph":[{"@type":"WebPage","@id":"https:\/\/supascoota.ca\/fr\/garantie\/","url":"https:\/\/supascoota.ca\/fr\/garantie\/","name":"Garantie - SupaScoota","isPartOf":{"@id":"https:\/\/supascoota.ca\/fr\/#website"},"datePublished":"2022-01-18T19:52:31+00:00","dateModified":"2022-07-04T10:43:11+00:00","breadcrumb":{"@id":"https:\/\/supascoota.ca\/fr\/garantie\/#breadcrumb"},"inLanguage":"fr-FR","potentialAction":[{"@type":"ReadAction","target":["https:\/\/supascoota.ca\/fr\/garantie\/"]}]},{"@type":"BreadcrumbList","@id":"https:\/\/supascoota.ca\/fr\/garantie\/#breadcrumb","itemListElement":[{"@type":"ListItem","position":1,"name":"Home","item":"https:\/\/supascoota.ca\/fr\/"},{"@type":"ListItem","position":2,"name":"Garantie"}]},{"@type":"WebSite","@id":"https:\/\/supascoota.ca\/fr\/#website","url":"https:\/\/supascoota.ca\/fr\/","name":"SupaScoota","description":"Distribution of SupaScoota Mobility Scooters in Canada","potentialAction":[{"@type":"SearchAction","target":{"@type":"EntryPoint","urlTemplate":"https:\/\/supascoota.ca\/fr\/?s={search_term_string}"},"query-input":"required name=search_term_string"}],"inLanguage":"fr-FR"}]}},"_links":{"self":[{"href":"https:\/\/supascoota.ca\/fr\/wp-json\/wp\/v2\/pages\/414","targetHints":{"allow":["GET"]}}],"collection":[{"href":"https:\/\/supascoota.ca\/fr\/wp-json\/wp\/v2\/pages"}],"about":[{"href":"https:\/\/supascoota.ca\/fr\/wp-json\/wp\/v2\/types\/page"}],"author":[{"embeddable":true,"href":"https:\/\/supascoota.ca\/fr\/wp-json\/wp\/v2\/users\/1"}],"replies":[{"embeddable":true,"href":"https:\/\/supascoota.ca\/fr\/wp-json\/wp\/v2\/comments?post=414"}],"version-history":[{"count":6,"href":"https:\/\/supascoota.ca\/fr\/wp-json\/wp\/v2\/pages\/414\/revisions"}],"predecessor-version":[{"id":493,"href":"https:\/\/supascoota.ca\/fr\/wp-json\/wp\/v2\/pages\/414\/revisions\/493"}],"wp:attachment":[{"href":"https:\/\/supascoota.ca\/fr\/wp-json\/wp\/v2\/media?parent=414"}],"curies":[{"name":"wp","href":"https:\/\/api.w.org\/{rel}","templated":true}]}}