{"id":460,"date":"2022-01-18T19:51:32","date_gmt":"2022-01-18T19:51:32","guid":{"rendered":"https:\/\/supascoota.ca\/product\/supascoota-supalite-4\/"},"modified":"2022-06-30T19:11:01","modified_gmt":"2022-06-30T19:11:01","slug":"supascoota-supalite-4","status":"publish","type":"product","link":"https:\/\/supascoota.ca\/fr\/produit\/supascoota-supalite-4\/","title":{"rendered":"SupaScoota Supalite 4"},"content":{"rendered":"<table dir=\"ltr\" border=\"1\" width=\"100%\" cellspacing=\"0\" cellpadding=\"0\">\n<colgroup>\n<col width=\"195\" \/>\n<col width=\"213\" \/><\/colgroup>\n<tbody>\n<tr>\n<td data-sheets-value=\"{&quot;1&quot;:2,&quot;2&quot;:&quot;Nombre de roues&quot;}\">Nombre de roues<\/td>\n<td data-sheets-value=\"{&quot;1&quot;:3,&quot;3&quot;:4}\">4<\/td>\n<\/tr>\n<tr>\n<td data-sheets-value=\"{&quot;1&quot;:2,&quot;2&quot;:&quot;Couleur&quot;}\">Couleur<\/td>\n<td data-sheets-value=\"{&quot;1&quot;:2,&quot;2&quot;:&quot;Bronze Or&quot;}\">Bronze Or<\/td>\n<\/tr>\n<tr>\n<td data-sheets-value=\"{&quot;1&quot;:2,&quot;2&quot;:&quot;Mat\u00e9riel&quot;}\">Mat\u00e9riel<\/td>\n<td data-sheets-value=\"{&quot;1&quot;:2,&quot;2&quot;:&quot;Aluminium&quot;}\">Aluminium<\/td>\n<\/tr>\n<tr>\n<td data-sheets-value=\"{&quot;1&quot;:2,&quot;2&quot;:&quot;Dimensions de la roue avant&quot;}\">Dimensions de la roue avant<\/td>\n<td data-sheets-value=\"{&quot;1&quot;:2,&quot;2&quot;:&quot;175 x 50 mm (7 x 2\\&quot;)&quot;}\">175 x 50 mm (7 x 2&Prime;)<\/td>\n<\/tr>\n<tr>\n<td data-sheets-value=\"{&quot;1&quot;:2,&quot;2&quot;:&quot;Dimensions de la roue arri\u00e8re&quot;}\">Dimensions de la roue arri\u00e8re<\/td>\n<td data-sheets-value=\"{&quot;1&quot;:2,&quot;2&quot;:&quot;200 \u00d7 65 mm (8 \u00d7 2,5\\&quot;)&quot;}\">200 \u00d7 65 mm (8 \u00d7 2,5&Prime;)<\/td>\n<\/tr>\n<tr>\n<td data-sheets-value=\"{&quot;1&quot;:2,&quot;2&quot;:&quot;D\u00e9gagement au sol (barre)&quot;}\">D\u00e9gagement au sol (barre)<\/td>\n<td data-sheets-value=\"{&quot;1&quot;:2,&quot;2&quot;:&quot;60mm (2.4\\&quot;)&quot;}\">60mm (2.4&Prime;)<\/td>\n<\/tr>\n<tr>\n<td data-sheets-value=\"{&quot;1&quot;:2,&quot;2&quot;:&quot;Longueur&quot;}\">Longueur<\/td>\n<td data-sheets-value=\"{&quot;1&quot;:2,&quot;2&quot;:&quot;990mm (39\\&quot;)&quot;}\">990mm (39&Prime;)<\/td>\n<\/tr>\n<tr>\n<td data-sheets-value=\"{&quot;1&quot;:2,&quot;2&quot;:&quot;Largeur&quot;}\">Largeur<\/td>\n<td data-sheets-value=\"{&quot;1&quot;:2,&quot;2&quot;:&quot;570 mm (22,5\\&quot;)&quot;}\">570 mm (22,5&Prime;)<\/td>\n<\/tr>\n<tr>\n<td data-sheets-value=\"{&quot;1&quot;:2,&quot;2&quot;:&quot;Poids complet&quot;}\">Poids complet<\/td>\n<td data-sheets-value=\"{&quot;1&quot;:2,&quot;2&quot;:&quot;21,1 kg (46 lb batterie et si\u00e8ge inclus)&quot;}\">21,1 kg (46 lb batterie et si\u00e8ge inclus)<\/td>\n<\/tr>\n<tr>\n<td data-sheets-value=\"{&quot;1&quot;:2,&quot;2&quot;:&quot;Poids sans si\u00e8ge&quot;}\">Poids sans si\u00e8ge<\/td>\n<td data-sheets-value=\"{&quot;1&quot;:2,&quot;2&quot;:&quot;14,3 kg (31 lb)&quot;}\">14,3 kg (31 lb)<\/td>\n<\/tr>\n<tr>\n<td><\/td>\n<td><\/td>\n<\/tr>\n<tr>\n<td><\/td>\n<td><\/td>\n<\/tr>\n<tr>\n<td data-sheets-value=\"{&quot;1&quot;:2,&quot;2&quot;:&quot;Poids du si\u00e8ge&quot;}\">Poids du si\u00e8ge<\/td>\n<td data-sheets-value=\"{&quot;1&quot;:2,&quot;2&quot;:&quot;5 kg (11 Ibs inclus cadre de si\u00e8ge)&quot;}\">5 kg (11 Ibs inclus cadre de si\u00e8ge)<\/td>\n<\/tr>\n<tr>\n<td data-sheets-value=\"{&quot;1&quot;:2,&quot;2&quot;:&quot;Chargement maximum&quot;}\">Chargement maximum<\/td>\n<td data-sheets-value=\"{&quot;1&quot;:2,&quot;2&quot;:&quot;120 kg (264 lb)&quot;}\">120 kg (264 lb)<\/td>\n<\/tr>\n<tr>\n<td data-sheets-value=\"{&quot;1&quot;:2,&quot;2&quot;:&quot;Rayon de virage&quot;}\">Rayon de virage<\/td>\n<td data-sheets-value=\"{&quot;1&quot;:2,&quot;2&quot;:&quot;930 mm (36,6\\&quot;)&quot;}\">930 mm (36,6&Prime;)<\/td>\n<\/tr>\n<tr>\n<td data-sheets-value=\"{&quot;1&quot;:2,&quot;2&quot;:&quot;Moteur&quot;}\">Moteur<\/td>\n<td data-sheets-value=\"{&quot;1&quot;:2,&quot;2&quot;:&quot;260W&quot;}\">260W<\/td>\n<\/tr>\n<tr>\n<td data-sheets-value=\"{&quot;1&quot;:2,&quot;2&quot;:&quot;Transmission&quot;}\">Transmission<\/td>\n<td data-sheets-value=\"{&quot;1&quot;:2,&quot;2&quot;:&quot;Bo\u00eete de vitesses diff\u00e9rentielle \u00e0 vis sans fin&quot;}\">Bo\u00eete de vitesses diff\u00e9rentielle \u00e0 vis sans fin<\/td>\n<\/tr>\n<tr>\n<td data-sheets-value=\"{&quot;1&quot;:2,&quot;2&quot;:&quot;Reculon&quot;}\">Reculon<\/td>\n<td data-sheets-value=\"{&quot;1&quot;:2,&quot;2&quot;:&quot;Commutateur avant\/arri\u00e8re&quot;}\">Commutateur avant\/arri\u00e8re<\/td>\n<\/tr>\n<tr>\n<td data-sheets-value=\"{&quot;1&quot;:2,&quot;2&quot;:&quot;Freins&quot;}\">Freins<\/td>\n<td data-sheets-value=\"{&quot;1&quot;:2,&quot;2&quot;:&quot;Freinage dynamique et frein \u00e9lectromagn\u00e9tique&quot;}\">Freinage dynamique et frein \u00e9lectromagn\u00e9tique<\/td>\n<\/tr>\n<tr>\n<td data-sheets-value=\"{&quot;1&quot;:2,&quot;2&quot;:&quot;Batterie&quot;}\">Batterie<\/td>\n<td data-sheets-value=\"{&quot;1&quot;:2,&quot;2&quot;:&quot;24V11.6ah - 1.8kg (4 livres)&quot;}\">24V11.6ah &#8211; 1.8kg (4 livres)<\/td>\n<\/tr>\n<tr>\n<td data-sheets-value=\"{&quot;1&quot;:2,&quot;2&quot;:&quot;Chargeur&quot;}\">Chargeur<\/td>\n<td data-sheets-value=\"{&quot;1&quot;:2,&quot;2&quot;:&quot;Hors bord 24 volts 2 amp - 0,5 kg (1,1 Ibs)&quot;}\">Hors bord 24 volts 2 amp &#8211; 0,5 kg (1,1 Ibs)<\/td>\n<\/tr>\n<tr>\n<td data-sheets-value=\"{&quot;1&quot;:2,&quot;2&quot;:&quot;Vitesse maximale&quot;}\">Vitesse maximale<\/td>\n<td data-sheets-value=\"{&quot;1&quot;:2,&quot;2&quot;:&quot;6,5 km\/h (4 mi\/h)&quot;}\">6,5 km\/h (4 mi\/h)<\/td>\n<\/tr>\n<tr>\n<td><\/td>\n<td data-sheets-value=\"{&quot;1&quot;:2,&quot;2&quot;:&quot;2\u00e8me choix de vitesse - 3,8 km\/h (2,4 mph)&quot;}\">2\u00e8me choix de vitesse &#8211; 3,8 km\/h (2,4 mph)<\/td>\n<\/tr>\n<tr>\n<td data-sheets-value=\"{&quot;1&quot;:2,&quot;2&quot;:&quot;Capacit\u00e9 de pente&quot;}\">Capacit\u00e9 de pente<\/td>\n<td data-sheets-value=\"{&quot;1&quot;:2,&quot;2&quot;:&quot;Max recommand\u00e9-8 degr\u00e9s&quot;}\">Max recommand\u00e9-8 degr\u00e9s<\/td>\n<\/tr>\n<tr>\n<td data-sheets-value=\"{&quot;1&quot;:2,&quot;2&quot;:&quot;Distance maximale&quot;}\">Distance maximale<\/td>\n<td data-sheets-value=\"{&quot;1&quot;:2,&quot;2&quot;:&quot;Jusqu'\u00e0 10-13 km (6,2-8 milles)&quot;}\">Jusqu&rsquo;\u00e0 10-13 km (6,2-8 milles)<\/td>\n<\/tr>\n<tr>\n<td data-sheets-value=\"{&quot;1&quot;:2,&quot;2&quot;:&quot;Syst\u00e8me de r\u00e9duction de vitesse&quot;}\">Syst\u00e8me de r\u00e9duction de vitesse<\/td>\n<td data-sheets-value=\"{&quot;1&quot;:2,&quot;2&quot;:&quot;R\u00e9duit la vitesse de fonctionnement \u00e0 un niveau de s\u00e9curit\u00e9 lors des virages&quot;}\">R\u00e9duit la vitesse de fonctionnement \u00e0 un niveau de s\u00e9curit\u00e9 lors des virages<\/td>\n<\/tr>\n<\/tbody>\n<\/table>\n","protected":false},"excerpt":{"rendered":"<p>Folds and locks for transport in under 10 seconds<\/p>\n","protected":false},"featured_media":400,"comment_status":"open","ping_status":"closed","template":"","meta":{"inline_featured_image":false},"product_cat":[30],"product_tag":[],"class_list":["post-460","product","type-product","status-publish","has-post-thumbnail","hentry","product_cat-mobility-scooters-fr"],"yoast_head":"<!-- This site is optimized with the Yoast SEO plugin v19.10 - https:\/\/yoast.com\/wordpress\/plugins\/seo\/ -->\n<title>SupaScoota Supalite 4 - SupaScoota<\/title>\n<meta name=\"robots\" content=\"index, follow, max-snippet:-1, max-image-preview:large, max-video-preview:-1\" \/>\n<link rel=\"canonical\" href=\"https:\/\/supascoota.ca\/fr\/produit\/supascoota-supalite-4\/\" \/>\n<meta property=\"og:locale\" content=\"fr_FR\" \/>\n<meta property=\"og:type\" content=\"article\" \/>\n<meta property=\"og:title\" content=\"SupaScoota Supalite 4 - SupaScoota\" \/>\n<meta property=\"og:description\" content=\"Folds and locks for transport in under 10 seconds\" \/>\n<meta property=\"og:url\" content=\"https:\/\/supascoota.ca\/fr\/produit\/supascoota-supalite-4\/\" \/>\n<meta property=\"og:site_name\" content=\"SupaScoota\" \/>\n<meta property=\"article:modified_time\" content=\"2022-06-30T19:11:01+00:00\" \/>\n<meta property=\"og:image\" content=\"https:\/\/supascoota.ca\/wp-content\/uploads\/2022\/01\/supascoota-supalite-1024x1024.png\" \/>\n\t<meta property=\"og:image:width\" content=\"1024\" \/>\n\t<meta property=\"og:image:height\" content=\"1024\" \/>\n\t<meta property=\"og:image:type\" content=\"image\/png\" \/>\n<meta name=\"twitter:card\" content=\"summary_large_image\" \/>\n<meta name=\"twitter:label1\" content=\"Dur\u00e9e de lecture estim\u00e9e\" \/>\n\t<meta name=\"twitter:data1\" content=\"1 minute\" \/>\n<script type=\"application\/ld+json\" class=\"yoast-schema-graph\">{\"@context\":\"https:\/\/schema.org\",\"@graph\":[{\"@type\":\"WebPage\",\"@id\":\"https:\/\/supascoota.ca\/fr\/produit\/supascoota-supalite-4\/\",\"url\":\"https:\/\/supascoota.ca\/fr\/produit\/supascoota-supalite-4\/\",\"name\":\"SupaScoota Supalite 4 - SupaScoota\",\"isPartOf\":{\"@id\":\"https:\/\/supascoota.ca\/fr\/#website\"},\"datePublished\":\"2022-01-18T19:51:32+00:00\",\"dateModified\":\"2022-06-30T19:11:01+00:00\",\"breadcrumb\":{\"@id\":\"https:\/\/supascoota.ca\/fr\/produit\/supascoota-supalite-4\/#breadcrumb\"},\"inLanguage\":\"fr-FR\",\"potentialAction\":[{\"@type\":\"ReadAction\",\"target\":[\"https:\/\/supascoota.ca\/fr\/produit\/supascoota-supalite-4\/\"]}]},{\"@type\":\"BreadcrumbList\",\"@id\":\"https:\/\/supascoota.ca\/fr\/produit\/supascoota-supalite-4\/#breadcrumb\",\"itemListElement\":[{\"@type\":\"ListItem\",\"position\":1,\"name\":\"Home\",\"item\":\"https:\/\/supascoota.ca\/fr\/\"},{\"@type\":\"ListItem\",\"position\":2,\"name\":\"Boutique\",\"item\":\"https:\/\/supascoota.ca\/fr\/boutique\/\"},{\"@type\":\"ListItem\",\"position\":3,\"name\":\"SupaScoota Supalite 4\"}]},{\"@type\":\"WebSite\",\"@id\":\"https:\/\/supascoota.ca\/fr\/#website\",\"url\":\"https:\/\/supascoota.ca\/fr\/\",\"name\":\"SupaScoota\",\"description\":\"Distribution of SupaScoota Mobility Scooters in Canada\",\"potentialAction\":[{\"@type\":\"SearchAction\",\"target\":{\"@type\":\"EntryPoint\",\"urlTemplate\":\"https:\/\/supascoota.ca\/fr\/?s={search_term_string}\"},\"query-input\":\"required name=search_term_string\"}],\"inLanguage\":\"fr-FR\"}]}<\/script>\n<!-- \/ Yoast SEO plugin. -->","yoast_head_json":{"title":"SupaScoota Supalite 4 - SupaScoota","robots":{"index":"index","follow":"follow","max-snippet":"max-snippet:-1","max-image-preview":"max-image-preview:large","max-video-preview":"max-video-preview:-1"},"canonical":"https:\/\/supascoota.ca\/fr\/produit\/supascoota-supalite-4\/","og_locale":"fr_FR","og_type":"article","og_title":"SupaScoota Supalite 4 - SupaScoota","og_description":"Folds and locks for transport in under 10 seconds","og_url":"https:\/\/supascoota.ca\/fr\/produit\/supascoota-supalite-4\/","og_site_name":"SupaScoota","article_modified_time":"2022-06-30T19:11:01+00:00","og_image":[{"width":1024,"height":1024,"url":"https:\/\/supascoota.ca\/wp-content\/uploads\/2022\/01\/supascoota-supalite-1024x1024.png","type":"image\/png"}],"twitter_card":"summary_large_image","twitter_misc":{"Dur\u00e9e de lecture estim\u00e9e":"1 minute"},"schema":{"@context":"https:\/\/schema.org","@graph":[{"@type":"WebPage","@id":"https:\/\/supascoota.ca\/fr\/produit\/supascoota-supalite-4\/","url":"https:\/\/supascoota.ca\/fr\/produit\/supascoota-supalite-4\/","name":"SupaScoota Supalite 4 - SupaScoota","isPartOf":{"@id":"https:\/\/supascoota.ca\/fr\/#website"},"datePublished":"2022-01-18T19:51:32+00:00","dateModified":"2022-06-30T19:11:01+00:00","breadcrumb":{"@id":"https:\/\/supascoota.ca\/fr\/produit\/supascoota-supalite-4\/#breadcrumb"},"inLanguage":"fr-FR","potentialAction":[{"@type":"ReadAction","target":["https:\/\/supascoota.ca\/fr\/produit\/supascoota-supalite-4\/"]}]},{"@type":"BreadcrumbList","@id":"https:\/\/supascoota.ca\/fr\/produit\/supascoota-supalite-4\/#breadcrumb","itemListElement":[{"@type":"ListItem","position":1,"name":"Home","item":"https:\/\/supascoota.ca\/fr\/"},{"@type":"ListItem","position":2,"name":"Boutique","item":"https:\/\/supascoota.ca\/fr\/boutique\/"},{"@type":"ListItem","position":3,"name":"SupaScoota Supalite 4"}]},{"@type":"WebSite","@id":"https:\/\/supascoota.ca\/fr\/#website","url":"https:\/\/supascoota.ca\/fr\/","name":"SupaScoota","description":"Distribution of SupaScoota Mobility Scooters in Canada","potentialAction":[{"@type":"SearchAction","target":{"@type":"EntryPoint","urlTemplate":"https:\/\/supascoota.ca\/fr\/?s={search_term_string}"},"query-input":"required name=search_term_string"}],"inLanguage":"fr-FR"}]}},"_links":{"self":[{"href":"https:\/\/supascoota.ca\/fr\/wp-json\/wp\/v2\/product\/460","targetHints":{"allow":["GET"]}}],"collection":[{"href":"https:\/\/supascoota.ca\/fr\/wp-json\/wp\/v2\/product"}],"about":[{"href":"https:\/\/supascoota.ca\/fr\/wp-json\/wp\/v2\/types\/product"}],"replies":[{"embeddable":true,"href":"https:\/\/supascoota.ca\/fr\/wp-json\/wp\/v2\/comments?post=460"}],"wp:featuredmedia":[{"embeddable":true,"href":"https:\/\/supascoota.ca\/fr\/wp-json\/wp\/v2\/media\/400"}],"wp:attachment":[{"href":"https:\/\/supascoota.ca\/fr\/wp-json\/wp\/v2\/media?parent=460"}],"wp:term":[{"taxonomy":"product_cat","embeddable":true,"href":"https:\/\/supascoota.ca\/fr\/wp-json\/wp\/v2\/product_cat?post=460"},{"taxonomy":"product_tag","embeddable":true,"href":"https:\/\/supascoota.ca\/fr\/wp-json\/wp\/v2\/product_tag?post=460"}],"curies":[{"name":"wp","href":"https:\/\/api.w.org\/{rel}","templated":true}]}}